{"id":115,"date":"2025-07-25T15:08:03","date_gmt":"2025-07-25T13:08:03","guid":{"rendered":"https:\/\/theplaceyoutold.me\/about\/?page_id=115"},"modified":"2025-09-17T15:47:08","modified_gmt":"2025-09-17T13:47:08","slug":"das_programm","status":"publish","type":"page","link":"https:\/\/theplaceyoutold.me\/about\/das_programm\/","title":{"rendered":"Programm"},"content":{"rendered":"Ausstellungser\u00f6ffnung<br>\r\n12. September 2025, 19Uhr<br>\r\n+ Live-Performance 19Uhr30<br>\r\nmit G\u00f6k\u00e7en Dilek Acay &#038; Eunji Lee \r\n<br><br>\r\nBerlin Art Week \u00d6ffnungszeiten<br>\r\nSamstag, 13. September 2025, 15 \u2014 19Uhr<br>\r\nSonntag, 14. September 2025, 15 \u2014 19Uhr \r\n<br><br>\r\n27. September 2025, 16Uhr<br>\r\nF\u00fchrung mit der Kuratorin in deutsch\/englisch\r\n<br><br>\r\nFinissage 9. Oktober 2025, 19Uhr<br>\r\nw\/ Andreas Reihse &#038; Seda Mimaro\u011flu (Sound &#038; Spoken Word)","protected":false},"excerpt":{"rendered":"Ausstellungser\u00f6ffnung 12. September 2025, 19Uhr + Live-Performance 19Uhr30 mit G\u00f6k\u00e7en Dilek Acay &#038; Eunji Lee Berlin Art Week \u00d6ffnungszeiten Samstag, 13. September 2025, 15 \u2014 19Uhr Sonntag, 14. September 2025, 15 \u2014 19Uhr 27. September 2025, 16Uhr F\u00fchrung mit der Kuratorin in deutsch\/englisch Finissage 9. Oktober 2025, 19Uhr w\/ Andreas Reihse &#038; Seda Mimaro\u011flu (Sound [&hellip;]","protected":false},"author":1,"featured_media":0,"parent":0,"menu_order":0,"comment_status":"closed","ping_status":"closed","template":"","meta":{"_acf_changed":false,"footnotes":""},"class_list":["post-115","page","type-page","status-publish","hentry"],"acf":{"photo_gallery":{"images_on_pages":[[]],"carousel_photos":[[],[]]}},"_links":{"self":[{"href":"https:\/\/theplaceyoutold.me\/about\/wp-json\/wp\/v2\/pages\/115","targetHints":{"allow":["GET"]}}],"collection":[{"href":"https:\/\/theplaceyoutold.me\/about\/wp-json\/wp\/v2\/pages"}],"about":[{"href":"https:\/\/theplaceyoutold.me\/about\/wp-json\/wp\/v2\/types\/page"}],"author":[{"embeddable":true,"href":"https:\/\/theplaceyoutold.me\/about\/wp-json\/wp\/v2\/users\/1"}],"replies":[{"embeddable":true,"href":"https:\/\/theplaceyoutold.me\/about\/wp-json\/wp\/v2\/comments?post=115"}],"version-history":[{"count":28,"href":"https:\/\/theplaceyoutold.me\/about\/wp-json\/wp\/v2\/pages\/115\/revisions"}],"predecessor-version":[{"id":645,"href":"https:\/\/theplaceyoutold.me\/about\/wp-json\/wp\/v2\/pages\/115\/revisions\/645"}],"wp:attachment":[{"href":"https:\/\/theplaceyoutold.me\/about\/wp-json\/wp\/v2\/media?parent=115"}],"curies":[{"name":"wp","href":"https:\/\/api.w.org\/{rel}","templated":true}]}}