{"id":34,"date":"2025-07-21T11:47:00","date_gmt":"2025-07-21T09:47:00","guid":{"rendered":"https:\/\/theplaceyoutold.me\/about\/?page_id=34"},"modified":"2025-08-13T21:10:27","modified_gmt":"2025-08-13T19:10:27","slug":"impressum","status":"publish","type":"page","link":"https:\/\/theplaceyoutold.me\/about\/impressum\/","title":{"rendered":"Impressum &#8211; Datenschutz"},"content":{"rendered":"Verantwortliche Stelle im Sinne<br>der Datenschutzgesetze ist:\r\n<br><br>\r\nCassandra Mehlhorn<br>\r\nGrunewaldstra\u00dfe 9a<br>\r\n10823 Berlin<br>\r\nE: mail [at] vesaire [.] studio<br>\r\nUSt \u2013 IdNr. DE310286645\r\n<br><br><br><br>\r\n\r\nINFORMATIONEN ZUM DATENSCHUTZ:\r\n<br><br>\r\nZugriffsdaten<br><br>\r\nDer Serverprovider der Website (all-inkl.com) erhebt Daten \u00fcber Zugriffe auf die Seite und speichert diese als \u201eServer-Logfiles\u201c ab. Folgende Daten werden protokolliert: <br><br>\r\n\u2022 Besuchte Website <br>\r\n\u2022 Uhrzeit zum Zeitpunkt des Zugriffes <br>\r\n\u2022 Menge der gesendeten Daten in Byte <br>\r\n\u2022 Quelle\/Verweis, von welchem Sie auf die Seite gelangten <br>\r\n\u2022 Verwendeter Browser<br>\r\n\u2022 Verwendetes Betriebssystem <br>\r\n\u2022 Verwendete IP-Adresse\r\n<br><br>\r\nDie erhobenen Daten dienen lediglich statistischen Auswertungen und zur Verbesserung der Website. <br><br>\r\nWir behalten uns allerdings vor, die Server-Logfiles nachtr\u00e4glich zu \u00fcberpr\u00fcfen, sollten konkrete Anhaltspunkte auf eine rechtswidrige Nutzung hinweisen.\r\n<br><br>\r\nUmgang mit Kontaktdaten<br><br>\r\nNehmen Sie mit uns durch die angebotenen Kontaktm\u00f6glichkeiten Verbindung auf, werden Ihre Angaben f\u00fcr einen Zeitraum von sechs Monaten gespeichert, damit auf diese zur Bearbeitung und Beantwortung Ihrer Anfrage und f\u00fcr den Fall von Anschlussfragen zur\u00fcckgegriffen werden kann. Ohne Ihre Einwilligung werden diese Daten nicht an Dritte weitergegeben.\r\n<br><br>\r\nUmgang mit personenbezogenen Daten<br><br>\r\nWir erheben, nutzen und geben Ihre personenbezogenen Daten nur dann weiter, wenn dies im gesetzlichen Rahmen erlaubt ist oder Sie in die Datenerhebung einwilligen. Als personenbezogene Daten gelten s\u00e4mtliche Informationen, welche dazu dienen, Ihre Person zu bestimmen und welche zu Ihnen zur\u00fcckverfolgt werden k\u00f6nnen \u2013 also beispielsweise Ihr Name, Ihre E-Mail-Adresse und Telefonnummer.\r\n<br><br>\r\nL\u00f6schung bzw. Sperrung der Daten<br><br>\r\nWir halten uns an die Grunds\u00e4tze der Datenvermeidung und Datensparsamkeit. Wir speichern Ihre personenbezogenen Daten daher nur so lange, wie dies zur Erreichung der hier genannten Zwecke erforderlich ist oder wie es die vom Gesetzgeber vorgesehenen vielf\u00e4ltigen Speicherfristen vorsehen. Nach Fortfall des jeweiligen Zweckes bzw. Ablauf dieser Fristen werden die entsprechenden Daten routinem\u00e4\u00dfig und entsprechend den gesetzlichen Vorschriften gesperrt oder gel\u00f6scht.\r\n<br><br>\r\nIhre Rechte auf Auskunft, Berichtigung, Sperre, L\u00f6schung und Widerspruch Sie haben das Recht, jederzeit Auskunft \u00fcber Ihre bei uns gespeicherten personenbezogenen Daten zu erhalten. Ebenso haben Sie das Recht auf Berichtigung, Sperrung oder, abgesehen von der vorgeschriebenen Datenspeicherung zur Gesch\u00e4ftsabwicklung, L\u00f6schung Ihrer personenbezogenen Daten. Bitte wenden Sie sich dazu an unseren Datenschutzbeauftragten. Die Kontaktdaten finden Sie ganz unten.\r\n<br><br>\r\nDamit eine Sperre von Daten jederzeit ber\u00fccksichtigt werden kann, m\u00fcssen diese Daten zu Kontrollzwecken in einer Sperrdatei vorgehalten werden. Sie k\u00f6nnen auch die L\u00f6schung der Daten verlangen, soweit keine gesetzliche Archivierungsverpflichtung besteht. Soweit eine solche Verpflichtung besteht, sperren wir Ihre Daten auf Wunsch.\r\n<br><br>\r\nSie k\u00f6nnen \u00c4nderungen oder den Widerruf einer Einwilligung durch entsprechende Mitteilung an uns mit Wirkung f\u00fcr die Zukunft vornehmen.\r\n<br><br>\r\nExterne Links<br><br>\r\nWir verwenden auf unseren Websites Links auf externe Seiten, die besonders gekennzeichnet sind und deren Inhalte sich nicht auf unserem Server befinden. Die externen Inhalte dieser Links wurden beim Setzen der Links gepr\u00fcft. Es kann jedoch nicht ausgeschlossen werden, dass die Inhalte von den jeweiligen Anbietern nachtr\u00e4glich ver\u00e4ndert wurden. Sollten Sie bemerken, dass die Inhalte der externen Anbieter gegen geltendes Recht versto\u00dfen, teilen Sie uns dies bitte mit. Diese Datenschutzerkl\u00e4rung gilt nur f\u00fcr Inhalte auf unseren Servern.\r\n<br><br>\r\n\r\n\u00c4nderung unserer Datenschutzbestimmungen<br><br>\r\nWir behalten uns vor, diese Datenschutzerkl\u00e4rung gelegentlich anzupassen, damit sie stets den aktuellen rechtlichen Anforderungen entspricht oder um \u00c4nderungen unserer Leistungen in der Datenschutzerkl\u00e4rung umzusetzen, z. B. bei der Einf\u00fchrung neuer Services. F\u00fcr Ihren erneuten Besuch gilt dann die neue Datenschutzerkl\u00e4rung.\r\n","protected":false},"excerpt":{"rendered":"Verantwortliche Stelle im Sinneder Datenschutzgesetze ist: Cassandra Mehlhorn Grunewaldstra\u00dfe 9a 10823 Berlin E: mail [at] vesaire [.] studio USt \u2013 IdNr. DE310286645 INFORMATIONEN ZUM DATENSCHUTZ: Zugriffsdaten Der Serverprovider der Website (all-inkl.com) erhebt Daten \u00fcber Zugriffe auf die Seite und speichert diese als \u201eServer-Logfiles\u201c ab. Folgende Daten werden protokolliert: \u2022 Besuchte Website \u2022 Uhrzeit zum Zeitpunkt [&hellip;]","protected":false},"author":1,"featured_media":0,"parent":0,"menu_order":0,"comment_status":"closed","ping_status":"closed","template":"","meta":{"_acf_changed":false,"footnotes":""},"class_list":["post-34","page","type-page","status-publish","hentry"],"acf":{"photo_gallery":{"images_on_pages":[[]],"carousel_photos":[[],[]]}},"_links":{"self":[{"href":"https:\/\/theplaceyoutold.me\/about\/wp-json\/wp\/v2\/pages\/34","targetHints":{"allow":["GET"]}}],"collection":[{"href":"https:\/\/theplaceyoutold.me\/about\/wp-json\/wp\/v2\/pages"}],"about":[{"href":"https:\/\/theplaceyoutold.me\/about\/wp-json\/wp\/v2\/types\/page"}],"author":[{"embeddable":true,"href":"https:\/\/theplaceyoutold.me\/about\/wp-json\/wp\/v2\/users\/1"}],"replies":[{"embeddable":true,"href":"https:\/\/theplaceyoutold.me\/about\/wp-json\/wp\/v2\/comments?post=34"}],"version-history":[{"count":17,"href":"https:\/\/theplaceyoutold.me\/about\/wp-json\/wp\/v2\/pages\/34\/revisions"}],"predecessor-version":[{"id":454,"href":"https:\/\/theplaceyoutold.me\/about\/wp-json\/wp\/v2\/pages\/34\/revisions\/454"}],"wp:attachment":[{"href":"https:\/\/theplaceyoutold.me\/about\/wp-json\/wp\/v2\/media?parent=34"}],"curies":[{"name":"wp","href":"https:\/\/api.w.org\/{rel}","templated":true}]}}