{"id":667,"date":"2025-10-15T13:00:44","date_gmt":"2025-10-15T11:00:44","guid":{"rendered":"https:\/\/theplaceyoutold.me\/about\/?page_id=667"},"modified":"2025-10-30T16:01:08","modified_gmt":"2025-10-30T15:01:08","slug":"eroeffnung","status":"publish","type":"page","link":"https:\/\/theplaceyoutold.me\/about\/eroeffnung\/","title":{"rendered":"Er\u00f6ffnung"},"content":{"rendered":"","protected":false},"excerpt":{"rendered":"","protected":false},"author":1,"featured_media":0,"parent":0,"menu_order":0,"comment_status":"closed","ping_status":"closed","template":"templates\/documentation.php","meta":{"_acf_changed":false,"footnotes":""},"class_list":["post-667","page","type-page","status-publish","hentry"],"acf":{"photo_gallery":{"images_on_pages":[[]],"carousel_photos":[[],[{"id":694,"title":"Ausstellungsansicht \"This is the place you told me about\", Axel Obiger Berlin, 2025","caption":"Ausstellungsansicht \"This is the place you told me about\", Axel Obiger Berlin, 2025","full_image_url":"https:\/\/theplaceyoutold.me\/about\/wp-content\/uploads\/2025\/07\/lucy_vollansicht_web-1-scaled.jpg","thumbnail_image_url":"https:\/\/theplaceyoutold.me\/about\/wp-content\/uploads\/2025\/07\/lucy_vollansicht_web-1-150x150.jpg","large_srcset":"https:\/\/theplaceyoutold.me\/about\/wp-content\/uploads\/2025\/07\/lucy_vollansicht_web-1-932x1024.jpg 932w, https:\/\/theplaceyoutold.me\/about\/wp-content\/uploads\/2025\/07\/lucy_vollansicht_web-1-273x300.jpg 273w, https:\/\/theplaceyoutold.me\/about\/wp-content\/uploads\/2025\/07\/lucy_vollansicht_web-1-1399x1536.jpg 1399w, https:\/\/theplaceyoutold.me\/about\/wp-content\/uploads\/2025\/07\/lucy_vollansicht_web-1-1865x2048.jpg 1865w","medium_srcset":"https:\/\/theplaceyoutold.me\/about\/wp-content\/uploads\/2025\/07\/lucy_vollansicht_web-1-273x300.jpg 273w, https:\/\/theplaceyoutold.me\/about\/wp-content\/uploads\/2025\/07\/lucy_vollansicht_web-1-932x1024.jpg 932w, https:\/\/theplaceyoutold.me\/about\/wp-content\/uploads\/2025\/07\/lucy_vollansicht_web-1-1399x1536.jpg 1399w, https:\/\/theplaceyoutold.me\/about\/wp-content\/uploads\/2025\/07\/lucy_vollansicht_web-1-1865x2048.jpg 1865w","media_details":{"width":2331,"height":2560,"sizes":{"medium":{"file":"lucy_vollansicht_web-1-273x300.jpg","width":273,"height":300,"mime-type":"image\/jpeg","filesize":53101,"source_url":"https:\/\/theplaceyoutold.me\/about\/wp-content\/uploads\/2025\/07\/lucy_vollansicht_web-1-273x300.jpg"},"large":{"file":"lucy_vollansicht_web-1-932x1024.jpg","width":932,"height":1024,"mime-type":"image\/jpeg","filesize":517397,"source_url":"https:\/\/theplaceyoutold.me\/about\/wp-content\/uploads\/2025\/07\/lucy_vollansicht_web-1-932x1024.jpg"},"thumbnail":{"file":"lucy_vollansicht_web-1-150x150.jpg","width":150,"height":150,"mime-type":"image\/jpeg","filesize":18736,"source_url":"https:\/\/theplaceyoutold.me\/about\/wp-content\/uploads\/2025\/07\/lucy_vollansicht_web-1-150x150.jpg"},"1536x1536":{"file":"lucy_vollansicht_web-1-1399x1536.jpg","width":1399,"height":1536,"mime-type":"image\/jpeg","filesize":1166949,"source_url":"https:\/\/theplaceyoutold.me\/about\/wp-content\/uploads\/2025\/07\/lucy_vollansicht_web-1-1399x1536.jpg"},"2048x2048":{"file":"lucy_vollansicht_web-1-1865x2048.jpg","width":1865,"height":2048,"mime-type":"image\/jpeg","filesize":2022674,"source_url":"https:\/\/theplaceyoutold.me\/about\/wp-content\/uploads\/2025\/07\/lucy_vollansicht_web-1-1865x2048.jpg"}}},"alt_text":"Ausstellungsansicht \"This is the place you told me about\", Axel Obiger Berlin, 2025","url":"","target":""},{"id":695,"title":"Lucy K\u00f6nig - B3\/09 Gg6, 2025, Untersberger Marmor, 74 x 32 x 10 cm","caption":"Lucy K\u00f6nig - B3\/09 Gg6, 2025, Untersberger Marmor, 74 x 32 x 10 cm","full_image_url":"https:\/\/theplaceyoutold.me\/about\/wp-content\/uploads\/2025\/07\/lucy_figur_web-4.jpg","thumbnail_image_url":"https:\/\/theplaceyoutold.me\/about\/wp-content\/uploads\/2025\/07\/lucy_figur_web-4-150x150.jpg","large_srcset":"https:\/\/theplaceyoutold.me\/about\/wp-content\/uploads\/2025\/07\/lucy_figur_web-4-616x1024.jpg 616w, https:\/\/theplaceyoutold.me\/about\/wp-content\/uploads\/2025\/07\/lucy_figur_web-4-181x300.jpg 181w, https:\/\/theplaceyoutold.me\/about\/wp-content\/uploads\/2025\/07\/lucy_figur_web-4-925x1536.jpg 925w, https:\/\/theplaceyoutold.me\/about\/wp-content\/uploads\/2025\/07\/lucy_figur_web-4-1233x2048.jpg 1233w, https:\/\/theplaceyoutold.me\/about\/wp-content\/uploads\/2025\/07\/lucy_figur_web-4.jpg 1500w","medium_srcset":"https:\/\/theplaceyoutold.me\/about\/wp-content\/uploads\/2025\/07\/lucy_figur_web-4-181x300.jpg 181w, https:\/\/theplaceyoutold.me\/about\/wp-content\/uploads\/2025\/07\/lucy_figur_web-4-616x1024.jpg 616w, https:\/\/theplaceyoutold.me\/about\/wp-content\/uploads\/2025\/07\/lucy_figur_web-4-925x1536.jpg 925w, https:\/\/theplaceyoutold.me\/about\/wp-content\/uploads\/2025\/07\/lucy_figur_web-4-1233x2048.jpg 1233w, https:\/\/theplaceyoutold.me\/about\/wp-content\/uploads\/2025\/07\/lucy_figur_web-4.jpg 1500w","media_details":{"width":1500,"height":2492,"sizes":{"medium":{"file":"lucy_figur_web-4-181x300.jpg","width":181,"height":300,"mime-type":"image\/jpeg","filesize":39540,"source_url":"https:\/\/theplaceyoutold.me\/about\/wp-content\/uploads\/2025\/07\/lucy_figur_web-4-181x300.jpg"},"large":{"file":"lucy_figur_web-4-616x1024.jpg","width":616,"height":1024,"mime-type":"image\/jpeg","filesize":460269,"source_url":"https:\/\/theplaceyoutold.me\/about\/wp-content\/uploads\/2025\/07\/lucy_figur_web-4-616x1024.jpg"},"thumbnail":{"file":"lucy_figur_web-4-150x150.jpg","width":150,"height":150,"mime-type":"image\/jpeg","filesize":18116,"source_url":"https:\/\/theplaceyoutold.me\/about\/wp-content\/uploads\/2025\/07\/lucy_figur_web-4-150x150.jpg"},"1536x1536":{"file":"lucy_figur_web-4-925x1536.jpg","width":925,"height":1536,"mime-type":"image\/jpeg","filesize":1053634,"source_url":"https:\/\/theplaceyoutold.me\/about\/wp-content\/uploads\/2025\/07\/lucy_figur_web-4-925x1536.jpg"},"2048x2048":{"file":"lucy_figur_web-4-1233x2048.jpg","width":1233,"height":2048,"mime-type":"image\/jpeg","filesize":1824643,"source_url":"https:\/\/theplaceyoutold.me\/about\/wp-content\/uploads\/2025\/07\/lucy_figur_web-4-1233x2048.jpg"}}},"alt_text":"Lucy K\u00f6nig - B3\/09 Gg6, 2025, Untersberger Marmor, 74 x 32 x 10 cm","url":"","target":""},{"id":696,"title":"Lucy K\u00f6nig - Seide (Detail), 2015 (Photo: Jakob Adolphi)","caption":"Lucy K\u00f6nig - Seide (Detail), 2015 (Photo: Jakob Adolphi)","full_image_url":"https:\/\/theplaceyoutold.me\/about\/wp-content\/uploads\/2025\/07\/lucy_photo_detail_web.jpg","thumbnail_image_url":"https:\/\/theplaceyoutold.me\/about\/wp-content\/uploads\/2025\/07\/lucy_photo_detail_web-150x150.jpg","large_srcset":"https:\/\/theplaceyoutold.me\/about\/wp-content\/uploads\/2025\/07\/lucy_photo_detail_web-768x1024.jpg 768w, https:\/\/theplaceyoutold.me\/about\/wp-content\/uploads\/2025\/07\/lucy_photo_detail_web-225x300.jpg 225w, https:\/\/theplaceyoutold.me\/about\/wp-content\/uploads\/2025\/07\/lucy_photo_detail_web-1152x1536.jpg 1152w, https:\/\/theplaceyoutold.me\/about\/wp-content\/uploads\/2025\/07\/lucy_photo_detail_web-1536x2048.jpg 1536w, https:\/\/theplaceyoutold.me\/about\/wp-content\/uploads\/2025\/07\/lucy_photo_detail_web.jpg 1800w","medium_srcset":"https:\/\/theplaceyoutold.me\/about\/wp-content\/uploads\/2025\/07\/lucy_photo_detail_web-225x300.jpg 225w, https:\/\/theplaceyoutold.me\/about\/wp-content\/uploads\/2025\/07\/lucy_photo_detail_web-768x1024.jpg 768w, https:\/\/theplaceyoutold.me\/about\/wp-content\/uploads\/2025\/07\/lucy_photo_detail_web-1152x1536.jpg 1152w, https:\/\/theplaceyoutold.me\/about\/wp-content\/uploads\/2025\/07\/lucy_photo_detail_web-1536x2048.jpg 1536w, https:\/\/theplaceyoutold.me\/about\/wp-content\/uploads\/2025\/07\/lucy_photo_detail_web.jpg 1800w","media_details":{"width":1800,"height":2400,"sizes":{"medium":{"file":"lucy_photo_detail_web-225x300.jpg","width":225,"height":300,"mime-type":"image\/jpeg","filesize":68146,"source_url":"https:\/\/theplaceyoutold.me\/about\/wp-content\/uploads\/2025\/07\/lucy_photo_detail_web-225x300.jpg"},"large":{"file":"lucy_photo_detail_web-768x1024.jpg","width":768,"height":1024,"mime-type":"image\/jpeg","filesize":658085,"source_url":"https:\/\/theplaceyoutold.me\/about\/wp-content\/uploads\/2025\/07\/lucy_photo_detail_web-768x1024.jpg"},"thumbnail":{"file":"lucy_photo_detail_web-150x150.jpg","width":150,"height":150,"mime-type":"image\/jpeg","filesize":24967,"source_url":"https:\/\/theplaceyoutold.me\/about\/wp-content\/uploads\/2025\/07\/lucy_photo_detail_web-150x150.jpg"},"1536x1536":{"file":"lucy_photo_detail_web-1152x1536.jpg","width":1152,"height":1536,"mime-type":"image\/jpeg","filesize":1353099,"source_url":"https:\/\/theplaceyoutold.me\/about\/wp-content\/uploads\/2025\/07\/lucy_photo_detail_web-1152x1536.jpg"},"2048x2048":{"file":"lucy_photo_detail_web-1536x2048.jpg","width":1536,"height":2048,"mime-type":"image\/jpeg","filesize":2211099,"source_url":"https:\/\/theplaceyoutold.me\/about\/wp-content\/uploads\/2025\/07\/lucy_photo_detail_web-1536x2048.jpg"}}},"alt_text":"Lucy K\u00f6nig - Seide (Detail), 2015 (Photo: Jakob Adolphi)","url":"","target":""},{"id":700,"title":"Lucy K\u00f6nig - Seide, 2015 (Photos: Jakob Adolphi) & Lucy K\u00f6nig - B3\/09 Gg6, 2025","caption":"Lucy K\u00f6nig - Seide, 2015 (Photos: Jakob Adolphi) & Lucy K\u00f6nig - B3\/09 Gg6, 2025","full_image_url":"https:\/\/theplaceyoutold.me\/about\/wp-content\/uploads\/2025\/07\/lucy_photos_full_web-2.jpg","thumbnail_image_url":"https:\/\/theplaceyoutold.me\/about\/wp-content\/uploads\/2025\/07\/lucy_photos_full_web-2-150x150.jpg","large_srcset":"https:\/\/theplaceyoutold.me\/about\/wp-content\/uploads\/2025\/07\/lucy_photos_full_web-2-768x1024.jpg 768w, https:\/\/theplaceyoutold.me\/about\/wp-content\/uploads\/2025\/07\/lucy_photos_full_web-2-225x300.jpg 225w, https:\/\/theplaceyoutold.me\/about\/wp-content\/uploads\/2025\/07\/lucy_photos_full_web-2-1152x1536.jpg 1152w, https:\/\/theplaceyoutold.me\/about\/wp-content\/uploads\/2025\/07\/lucy_photos_full_web-2-1536x2048.jpg 1536w, https:\/\/theplaceyoutold.me\/about\/wp-content\/uploads\/2025\/07\/lucy_photos_full_web-2.jpg 1800w","medium_srcset":"https:\/\/theplaceyoutold.me\/about\/wp-content\/uploads\/2025\/07\/lucy_photos_full_web-2-225x300.jpg 225w, https:\/\/theplaceyoutold.me\/about\/wp-content\/uploads\/2025\/07\/lucy_photos_full_web-2-768x1024.jpg 768w, https:\/\/theplaceyoutold.me\/about\/wp-content\/uploads\/2025\/07\/lucy_photos_full_web-2-1152x1536.jpg 1152w, https:\/\/theplaceyoutold.me\/about\/wp-content\/uploads\/2025\/07\/lucy_photos_full_web-2-1536x2048.jpg 1536w, https:\/\/theplaceyoutold.me\/about\/wp-content\/uploads\/2025\/07\/lucy_photos_full_web-2.jpg 1800w","media_details":{"width":1800,"height":2400,"sizes":{"medium":{"file":"lucy_photos_full_web-2-225x300.jpg","width":225,"height":300,"mime-type":"image\/jpeg","filesize":43853,"source_url":"https:\/\/theplaceyoutold.me\/about\/wp-content\/uploads\/2025\/07\/lucy_photos_full_web-2-225x300.jpg"},"large":{"file":"lucy_photos_full_web-2-768x1024.jpg","width":768,"height":1024,"mime-type":"image\/jpeg","filesize":481659,"source_url":"https:\/\/theplaceyoutold.me\/about\/wp-content\/uploads\/2025\/07\/lucy_photos_full_web-2-768x1024.jpg"},"thumbnail":{"file":"lucy_photos_full_web-2-150x150.jpg","width":150,"height":150,"mime-type":"image\/jpeg","filesize":17333,"source_url":"https:\/\/theplaceyoutold.me\/about\/wp-content\/uploads\/2025\/07\/lucy_photos_full_web-2-150x150.jpg"},"1536x1536":{"file":"lucy_photos_full_web-2-1152x1536.jpg","width":1152,"height":1536,"mime-type":"image\/jpeg","filesize":1138941,"source_url":"https:\/\/theplaceyoutold.me\/about\/wp-content\/uploads\/2025\/07\/lucy_photos_full_web-2-1152x1536.jpg"},"2048x2048":{"file":"lucy_photos_full_web-2-1536x2048.jpg","width":1536,"height":2048,"mime-type":"image\/jpeg","filesize":2014474,"source_url":"https:\/\/theplaceyoutold.me\/about\/wp-content\/uploads\/2025\/07\/lucy_photos_full_web-2-1536x2048.jpg"}}},"alt_text":"Lucy K\u00f6nig - Seide, 2015 (Photos: Jakob Adolphi) & Lucy K\u00f6nig - B3\/09 Gg6, 2025","url":"","target":""},{"id":711,"title":"eroeffnung2_web","caption":"","full_image_url":"https:\/\/theplaceyoutold.me\/about\/wp-content\/uploads\/2025\/10\/eroeffnung2_web-1.jpg","thumbnail_image_url":"https:\/\/theplaceyoutold.me\/about\/wp-content\/uploads\/2025\/10\/eroeffnung2_web-1-150x150.jpg","large_srcset":"https:\/\/theplaceyoutold.me\/about\/wp-content\/uploads\/2025\/10\/eroeffnung2_web-1-783x1024.jpg 783w, https:\/\/theplaceyoutold.me\/about\/wp-content\/uploads\/2025\/10\/eroeffnung2_web-1-229x300.jpg 229w, https:\/\/theplaceyoutold.me\/about\/wp-content\/uploads\/2025\/10\/eroeffnung2_web-1-1174x1536.jpg 1174w, https:\/\/theplaceyoutold.me\/about\/wp-content\/uploads\/2025\/10\/eroeffnung2_web-1.jpg 1529w","medium_srcset":"https:\/\/theplaceyoutold.me\/about\/wp-content\/uploads\/2025\/10\/eroeffnung2_web-1-229x300.jpg 229w, https:\/\/theplaceyoutold.me\/about\/wp-content\/uploads\/2025\/10\/eroeffnung2_web-1-783x1024.jpg 783w, https:\/\/theplaceyoutold.me\/about\/wp-content\/uploads\/2025\/10\/eroeffnung2_web-1-1174x1536.jpg 1174w, https:\/\/theplaceyoutold.me\/about\/wp-content\/uploads\/2025\/10\/eroeffnung2_web-1.jpg 1529w","media_details":{"width":1529,"height":2000,"sizes":{"medium":{"file":"eroeffnung2_web-1-229x300.jpg","width":229,"height":300,"mime-type":"image\/jpeg","filesize":68304,"source_url":"https:\/\/theplaceyoutold.me\/about\/wp-content\/uploads\/2025\/10\/eroeffnung2_web-1-229x300.jpg"},"large":{"file":"eroeffnung2_web-1-783x1024.jpg","width":783,"height":1024,"mime-type":"image\/jpeg","filesize":581783,"source_url":"https:\/\/theplaceyoutold.me\/about\/wp-content\/uploads\/2025\/10\/eroeffnung2_web-1-783x1024.jpg"},"thumbnail":{"file":"eroeffnung2_web-1-150x150.jpg","width":150,"height":150,"mime-type":"image\/jpeg","filesize":27891,"source_url":"https:\/\/theplaceyoutold.me\/about\/wp-content\/uploads\/2025\/10\/eroeffnung2_web-1-150x150.jpg"},"1536x1536":{"file":"eroeffnung2_web-1-1174x1536.jpg","width":1174,"height":1536,"mime-type":"image\/jpeg","filesize":1221708,"source_url":"https:\/\/theplaceyoutold.me\/about\/wp-content\/uploads\/2025\/10\/eroeffnung2_web-1-1174x1536.jpg"}}},"alt_text":"","url":"","target":""},{"id":710,"title":"eroeffnung_web1","caption":"","full_image_url":"https:\/\/theplaceyoutold.me\/about\/wp-content\/uploads\/2025\/10\/eroeffnung_web1-1.jpg","thumbnail_image_url":"https:\/\/theplaceyoutold.me\/about\/wp-content\/uploads\/2025\/10\/eroeffnung_web1-1-150x150.jpg","large_srcset":"https:\/\/theplaceyoutold.me\/about\/wp-content\/uploads\/2025\/10\/eroeffnung_web1-1-768x1024.jpg 768w, https:\/\/theplaceyoutold.me\/about\/wp-content\/uploads\/2025\/10\/eroeffnung_web1-1-225x300.jpg 225w, https:\/\/theplaceyoutold.me\/about\/wp-content\/uploads\/2025\/10\/eroeffnung_web1-1-1152x1536.jpg 1152w, https:\/\/theplaceyoutold.me\/about\/wp-content\/uploads\/2025\/10\/eroeffnung_web1-1.jpg 1500w","medium_srcset":"https:\/\/theplaceyoutold.me\/about\/wp-content\/uploads\/2025\/10\/eroeffnung_web1-1-225x300.jpg 225w, https:\/\/theplaceyoutold.me\/about\/wp-content\/uploads\/2025\/10\/eroeffnung_web1-1-768x1024.jpg 768w, https:\/\/theplaceyoutold.me\/about\/wp-content\/uploads\/2025\/10\/eroeffnung_web1-1-1152x1536.jpg 1152w, https:\/\/theplaceyoutold.me\/about\/wp-content\/uploads\/2025\/10\/eroeffnung_web1-1.jpg 1500w","media_details":{"width":1500,"height":2000,"sizes":{"medium":{"file":"eroeffnung_web1-1-225x300.jpg","width":225,"height":300,"mime-type":"image\/jpeg","filesize":73593,"source_url":"https:\/\/theplaceyoutold.me\/about\/wp-content\/uploads\/2025\/10\/eroeffnung_web1-1-225x300.jpg"},"large":{"file":"eroeffnung_web1-1-768x1024.jpg","width":768,"height":1024,"mime-type":"image\/jpeg","filesize":611968,"source_url":"https:\/\/theplaceyoutold.me\/about\/wp-content\/uploads\/2025\/10\/eroeffnung_web1-1-768x1024.jpg"},"thumbnail":{"file":"eroeffnung_web1-1-150x150.jpg","width":150,"height":150,"mime-type":"image\/jpeg","filesize":31790,"source_url":"https:\/\/theplaceyoutold.me\/about\/wp-content\/uploads\/2025\/10\/eroeffnung_web1-1-150x150.jpg"},"1536x1536":{"file":"eroeffnung_web1-1-1152x1536.jpg","width":1152,"height":1536,"mime-type":"image\/jpeg","filesize":1270652,"source_url":"https:\/\/theplaceyoutold.me\/about\/wp-content\/uploads\/2025\/10\/eroeffnung_web1-1-1152x1536.jpg"}}},"alt_text":"","url":"","target":""},{"id":712,"title":"eroeffnung3_web","caption":"","full_image_url":"https:\/\/theplaceyoutold.me\/about\/wp-content\/uploads\/2025\/10\/eroeffnung3_web-1.jpg","thumbnail_image_url":"https:\/\/theplaceyoutold.me\/about\/wp-content\/uploads\/2025\/10\/eroeffnung3_web-1-150x150.jpg","large_srcset":"https:\/\/theplaceyoutold.me\/about\/wp-content\/uploads\/2025\/10\/eroeffnung3_web-1-768x1024.jpg 768w, https:\/\/theplaceyoutold.me\/about\/wp-content\/uploads\/2025\/10\/eroeffnung3_web-1-225x300.jpg 225w, https:\/\/theplaceyoutold.me\/about\/wp-content\/uploads\/2025\/10\/eroeffnung3_web-1-1152x1536.jpg 1152w, https:\/\/theplaceyoutold.me\/about\/wp-content\/uploads\/2025\/10\/eroeffnung3_web-1.jpg 1500w","medium_srcset":"https:\/\/theplaceyoutold.me\/about\/wp-content\/uploads\/2025\/10\/eroeffnung3_web-1-225x300.jpg 225w, https:\/\/theplaceyoutold.me\/about\/wp-content\/uploads\/2025\/10\/eroeffnung3_web-1-768x1024.jpg 768w, https:\/\/theplaceyoutold.me\/about\/wp-content\/uploads\/2025\/10\/eroeffnung3_web-1-1152x1536.jpg 1152w, https:\/\/theplaceyoutold.me\/about\/wp-content\/uploads\/2025\/10\/eroeffnung3_web-1.jpg 1500w","media_details":{"width":1500,"height":2000,"sizes":{"medium":{"file":"eroeffnung3_web-1-225x300.jpg","width":225,"height":300,"mime-type":"image\/jpeg","filesize":64157,"source_url":"https:\/\/theplaceyoutold.me\/about\/wp-content\/uploads\/2025\/10\/eroeffnung3_web-1-225x300.jpg"},"large":{"file":"eroeffnung3_web-1-768x1024.jpg","width":768,"height":1024,"mime-type":"image\/jpeg","filesize":530373,"source_url":"https:\/\/theplaceyoutold.me\/about\/wp-content\/uploads\/2025\/10\/eroeffnung3_web-1-768x1024.jpg"},"thumbnail":{"file":"eroeffnung3_web-1-150x150.jpg","width":150,"height":150,"mime-type":"image\/jpeg","filesize":24952,"source_url":"https:\/\/theplaceyoutold.me\/about\/wp-content\/uploads\/2025\/10\/eroeffnung3_web-1-150x150.jpg"},"1536x1536":{"file":"eroeffnung3_web-1-1152x1536.jpg","width":1152,"height":1536,"mime-type":"image\/jpeg","filesize":1080206,"source_url":"https:\/\/theplaceyoutold.me\/about\/wp-content\/uploads\/2025\/10\/eroeffnung3_web-1-1152x1536.jpg"}}},"alt_text":"","url":"","target":""},{"id":713,"title":"eroeffnung4_web","caption":"","full_image_url":"https:\/\/theplaceyoutold.me\/about\/wp-content\/uploads\/2025\/10\/eroeffnung4_web-1.jpg","thumbnail_image_url":"https:\/\/theplaceyoutold.me\/about\/wp-content\/uploads\/2025\/10\/eroeffnung4_web-1-150x150.jpg","large_srcset":"https:\/\/theplaceyoutold.me\/about\/wp-content\/uploads\/2025\/10\/eroeffnung4_web-1-721x1024.jpg 721w, https:\/\/theplaceyoutold.me\/about\/wp-content\/uploads\/2025\/10\/eroeffnung4_web-1-211x300.jpg 211w, https:\/\/theplaceyoutold.me\/about\/wp-content\/uploads\/2025\/10\/eroeffnung4_web-1-1082x1536.jpg 1082w, https:\/\/theplaceyoutold.me\/about\/wp-content\/uploads\/2025\/10\/eroeffnung4_web-1.jpg 1409w","medium_srcset":"https:\/\/theplaceyoutold.me\/about\/wp-content\/uploads\/2025\/10\/eroeffnung4_web-1-211x300.jpg 211w, https:\/\/theplaceyoutold.me\/about\/wp-content\/uploads\/2025\/10\/eroeffnung4_web-1-721x1024.jpg 721w, https:\/\/theplaceyoutold.me\/about\/wp-content\/uploads\/2025\/10\/eroeffnung4_web-1-1082x1536.jpg 1082w, https:\/\/theplaceyoutold.me\/about\/wp-content\/uploads\/2025\/10\/eroeffnung4_web-1.jpg 1409w","media_details":{"width":1409,"height":2000,"sizes":{"medium":{"file":"eroeffnung4_web-1-211x300.jpg","width":211,"height":300,"mime-type":"image\/jpeg","filesize":49924,"source_url":"https:\/\/theplaceyoutold.me\/about\/wp-content\/uploads\/2025\/10\/eroeffnung4_web-1-211x300.jpg"},"large":{"file":"eroeffnung4_web-1-721x1024.jpg","width":721,"height":1024,"mime-type":"image\/jpeg","filesize":423159,"source_url":"https:\/\/theplaceyoutold.me\/about\/wp-content\/uploads\/2025\/10\/eroeffnung4_web-1-721x1024.jpg"},"thumbnail":{"file":"eroeffnung4_web-1-150x150.jpg","width":150,"height":150,"mime-type":"image\/jpeg","filesize":22607,"source_url":"https:\/\/theplaceyoutold.me\/about\/wp-content\/uploads\/2025\/10\/eroeffnung4_web-1-150x150.jpg"},"1536x1536":{"file":"eroeffnung4_web-1-1082x1536.jpg","width":1082,"height":1536,"mime-type":"image\/jpeg","filesize":899174,"source_url":"https:\/\/theplaceyoutold.me\/about\/wp-content\/uploads\/2025\/10\/eroeffnung4_web-1-1082x1536.jpg"}}},"alt_text":"","url":"","target":""},{"id":714,"title":"eroeffnung5_web","caption":"","full_image_url":"https:\/\/theplaceyoutold.me\/about\/wp-content\/uploads\/2025\/10\/eroeffnung5_web-1.jpg","thumbnail_image_url":"https:\/\/theplaceyoutold.me\/about\/wp-content\/uploads\/2025\/10\/eroeffnung5_web-1-150x150.jpg","large_srcset":"https:\/\/theplaceyoutold.me\/about\/wp-content\/uploads\/2025\/10\/eroeffnung5_web-1-782x1024.jpg 782w, https:\/\/theplaceyoutold.me\/about\/wp-content\/uploads\/2025\/10\/eroeffnung5_web-1-229x300.jpg 229w, https:\/\/theplaceyoutold.me\/about\/wp-content\/uploads\/2025\/10\/eroeffnung5_web-1-1174x1536.jpg 1174w, https:\/\/theplaceyoutold.me\/about\/wp-content\/uploads\/2025\/10\/eroeffnung5_web-1.jpg 1528w","medium_srcset":"https:\/\/theplaceyoutold.me\/about\/wp-content\/uploads\/2025\/10\/eroeffnung5_web-1-229x300.jpg 229w, https:\/\/theplaceyoutold.me\/about\/wp-content\/uploads\/2025\/10\/eroeffnung5_web-1-782x1024.jpg 782w, https:\/\/theplaceyoutold.me\/about\/wp-content\/uploads\/2025\/10\/eroeffnung5_web-1-1174x1536.jpg 1174w, https:\/\/theplaceyoutold.me\/about\/wp-content\/uploads\/2025\/10\/eroeffnung5_web-1.jpg 1528w","media_details":{"width":1528,"height":2000,"sizes":{"medium":{"file":"eroeffnung5_web-1-229x300.jpg","width":229,"height":300,"mime-type":"image\/jpeg","filesize":79582,"source_url":"https:\/\/theplaceyoutold.me\/about\/wp-content\/uploads\/2025\/10\/eroeffnung5_web-1-229x300.jpg"},"large":{"file":"eroeffnung5_web-1-782x1024.jpg","width":782,"height":1024,"mime-type":"image\/jpeg","filesize":670486,"source_url":"https:\/\/theplaceyoutold.me\/about\/wp-content\/uploads\/2025\/10\/eroeffnung5_web-1-782x1024.jpg"},"thumbnail":{"file":"eroeffnung5_web-1-150x150.jpg","width":150,"height":150,"mime-type":"image\/jpeg","filesize":30951,"source_url":"https:\/\/theplaceyoutold.me\/about\/wp-content\/uploads\/2025\/10\/eroeffnung5_web-1-150x150.jpg"},"1536x1536":{"file":"eroeffnung5_web-1-1174x1536.jpg","width":1174,"height":1536,"mime-type":"image\/jpeg","filesize":1367790,"source_url":"https:\/\/theplaceyoutold.me\/about\/wp-content\/uploads\/2025\/10\/eroeffnung5_web-1-1174x1536.jpg"}}},"alt_text":"","url":"","target":""}]]}},"_links":{"self":[{"href":"https:\/\/theplaceyoutold.me\/about\/wp-json\/wp\/v2\/pages\/667","targetHints":{"allow":["GET"]}}],"collection":[{"href":"https:\/\/theplaceyoutold.me\/about\/wp-json\/wp\/v2\/pages"}],"about":[{"href":"https:\/\/theplaceyoutold.me\/about\/wp-json\/wp\/v2\/types\/page"}],"author":[{"embeddable":true,"href":"https:\/\/theplaceyoutold.me\/about\/wp-json\/wp\/v2\/users\/1"}],"replies":[{"embeddable":true,"href":"https:\/\/theplaceyoutold.me\/about\/wp-json\/wp\/v2\/comments?post=667"}],"version-history":[{"count":1,"href":"https:\/\/theplaceyoutold.me\/about\/wp-json\/wp\/v2\/pages\/667\/revisions"}],"predecessor-version":[{"id":668,"href":"https:\/\/theplaceyoutold.me\/about\/wp-json\/wp\/v2\/pages\/667\/revisions\/668"}],"wp:attachment":[{"href":"https:\/\/theplaceyoutold.me\/about\/wp-json\/wp\/v2\/media?parent=667"}],"curies":[{"name":"wp","href":"https:\/\/api.w.org\/{rel}","templated":true}]}}